{"id":280,"date":"2024-02-24T17:23:02","date_gmt":"2024-02-24T16:23:02","guid":{"rendered":"https:\/\/www.hlubinaduse.cz\/?page_id=280"},"modified":"2025-06-08T19:52:28","modified_gmt":"2025-06-08T17:52:28","slug":"nadchazejici-akce","status":"publish","type":"page","link":"https:\/\/www.hlubinaduse.cz\/index.php\/nadchazejici-akce\/","title":{"rendered":"Co nab\u00edz\u00edm"},"content":{"rendered":"\n<p><\/p>\n\n\n\n<p>Nab\u00edz\u00edm<strong> bezpe\u010dn\u00fd a klidn\u00fd prostor ke sd\u00edlen\u00ed Va\u0161\u00ed aktu\u00e1ln\u00ed \u017eivotn\u00ed situace.<\/strong> Je mo\u017en\u00e9 se setkat osobn\u011b v terapeutovn\u011b ve Slan\u00e9m,&nbsp;\u010di online. M\u00e1me zku\u0161enosti s&nbsp;\u0159e\u0161en\u00edm \u201eb\u011b\u017en\u00fdch \u017eivotn\u00edch tr\u00e1pen\u00ed\u201c, kter\u00e9 mohou \u010dlov\u011bku p\u0159er\u016fst p\u0159es hlavu, i se situacemi krizov\u00fdmi jako je rozchod, \u010di ztr\u00e1ta bl\u00edzk\u00e9ho \u010dlov\u011bka. &nbsp;<\/p>\n\n\n\n<p>K&nbsp;z\u00e1kladu m\u00e9 pr\u00e1ce pat\u0159\u00ed<strong> psychoterapeutick\u00fd rozhovor<\/strong>. Jeho j\u00e1drem je <strong>naslouch\u00e1n\u00ed a otev\u0159enost<\/strong> k&nbsp;tomu, s&nbsp;\u010d\u00edm \u010dlov\u011bk p\u0159ich\u00e1z\u00ed. V&nbsp;p\u0159\u00edpad\u011b pot\u0159eby u\u017e\u00edv\u00e1m i n\u011bkter\u00e9 metody hlubinn\u00e9 psychologie (pr\u00e1ce se sny, relaxace, hypn\u00f3zu) \u010di systemick\u00e9 p\u0159\u00edstupy jako je Sandplay, \u010di rodinn\u00e9 konstelace. <\/p>\n\n\n\n<p><\/p>\n\n\n\n<p><strong>Pot\u00ed\u017ee, s&nbsp;nimi\u017e klienti nej\u010dast\u011bji p\u0159ich\u00e1zej\u00ed:<\/strong><\/p>\n\n\n\n<p>Terapie:<\/p>\n\n\n\n<ul>\n<li>Pocity stresu a p\u0159et\u00ed\u017een\u00ed<\/li>\n\n\n\n<li>Nadm\u011brn\u00e9 obavy, fobie a \u00fazkosti<\/li>\n\n\n\n<li>Vztahov\u00e9 probl\u00e9my<\/li>\n\n\n\n<li>Hled\u00e1n\u00ed vlastn\u00ed \u017eivotn\u00ed cesty<\/li>\n<\/ul>\n\n\n\n<p>Hlubinn\u00e1 terapie (relaxace a relaxa\u010dn\u00ed hypn\u00f3za)<\/p>\n\n\n\n<ul>\n<li>Chronick\u00e9 bolesti \u2013 bolesti zad, kloub\u016f, migr\u00e9ny<\/li>\n\n\n\n<li>Psychosomatick\u00e9 obt\u00ed\u017ee (obt\u00ed\u017ee bez zjevn\u00e9ho fyziologick\u00e9ho l\u00e9ka\u0159sk\u00e9ho n\u00e1lezu)<\/li>\n\n\n\n<li>Autoimunitn\u00ed onemocn\u011bn\u00ed \u2013 alergie, astma, artr\u00f3za<\/li>\n\n\n\n<li>Situace, kter\u00e9 uv\u00e1d\u011bj\u00ed \u010dlov\u011bka do nadm\u011brn\u00e9ho stresu a jsou zdrojem obav \u00fazkost\u00ed \u2013 strach ze zkou\u0161ky, z&nbsp;promluv na ve\u0159ejnosti apod.<\/li>\n\n\n\n<li>Probl\u00e9my se seberealizac\u00ed a hled\u00e1n\u00edm \u017eivotn\u00ed cesty<\/li>\n<\/ul>\n\n\n\n<p><\/p>\n\n\n\n<p><\/p>\n\n\n\n<p><\/p>\n\n\n\n<p><\/p>\n\n\n\n<p><\/p>\n\n\n\n<p><\/p>\n\n\n\n\n\n\n\n\n\n\n\n\n\n\n","protected":false},"excerpt":{"rendered":"<p>Nab\u00edz\u00edm bezpe\u010dn\u00fd a klidn\u00fd prostor ke sd\u00edlen\u00ed Va\u0161\u00ed aktu\u00e1ln\u00ed \u017eivotn\u00ed situace. Je mo\u017en\u00e9 se setkat osobn\u011b v terapeutovn\u011b ve Slan\u00e9m,&nbsp;\u010di online. M\u00e1me zku\u0161enosti s&nbsp;\u0159e\u0161en\u00edm \u201eb\u011b\u017en\u00fdch \u017eivotn\u00edch tr\u00e1pen\u00ed\u201c, kter\u00e9 mohou \u010dlov\u011bku p\u0159er\u016fst p\u0159es hlavu, i se situacemi krizov\u00fdmi jako je rozchod, &#8230; <a class=\"more-link\" href=\"https:\/\/www.hlubinaduse.cz\/index.php\/nadchazejici-akce\/\">\u010c\u00edst v\u00edce &raquo;<\/a><\/p>\n","protected":false},"author":1,"featured_media":0,"parent":0,"menu_order":0,"comment_status":"closed","ping_status":"closed","template":"","meta":{"footnotes":""},"_links":{"self":[{"href":"https:\/\/www.hlubinaduse.cz\/index.php\/wp-json\/wp\/v2\/pages\/280"}],"collection":[{"href":"https:\/\/www.hlubinaduse.cz\/index.php\/wp-json\/wp\/v2\/pages"}],"about":[{"href":"https:\/\/www.hlubinaduse.cz\/index.php\/wp-json\/wp\/v2\/types\/page"}],"author":[{"embeddable":true,"href":"https:\/\/www.hlubinaduse.cz\/index.php\/wp-json\/wp\/v2\/users\/1"}],"replies":[{"embeddable":true,"href":"https:\/\/www.hlubinaduse.cz\/index.php\/wp-json\/wp\/v2\/comments?post=280"}],"version-history":[{"count":43,"href":"https:\/\/www.hlubinaduse.cz\/index.php\/wp-json\/wp\/v2\/pages\/280\/revisions"}],"predecessor-version":[{"id":540,"href":"https:\/\/www.hlubinaduse.cz\/index.php\/wp-json\/wp\/v2\/pages\/280\/revisions\/540"}],"wp:attachment":[{"href":"https:\/\/www.hlubinaduse.cz\/index.php\/wp-json\/wp\/v2\/media?parent=280"}],"curies":[{"name":"wp","href":"https:\/\/api.w.org\/{rel}","templated":true}]}}